{"id":5315,"date":"2026-02-14T18:52:11","date_gmt":"2026-02-14T17:52:11","guid":{"rendered":"https:\/\/arvadis.ma\/?post_type=product&#038;p=5315"},"modified":"2026-03-27T13:40:38","modified_gmt":"2026-03-27T12:40:38","slug":"projecteur-solaire-led-panneau-solaire","status":"publish","type":"product","link":"https:\/\/arvadis.ma\/ar\/product\/projecteur-solaire-led-panneau-solaire\/","title":{"rendered":"\u0628\u0631\u0648\u062c\u064a\u0643\u062a\u0648\u0631 \u0634\u0645\u0633\u064a ARVADIS \u0628\u0625\u0637\u0627\u0631 \u0623\u0644\u0645\u0646\u064a\u0648\u0645 \u0645\u062a\u064a\u0646 \u0644\u0644\u0623\u062f\u0627\u0621 \u0627\u0644\u0642\u0648\u064a"},"content":{"rendered":"\t\t<div data-elementor-type=\"product-post\" data-elementor-id=\"5315\" class=\"elementor elementor-5315\" data-elementor-post-type=\"product\">\n\t\t\t\t<div class=\"wd-negative-gap elementor-element elementor-element-27ffc6ad e-flex e-con-boxed e-con e-parent\" data-id=\"27ffc6ad\" data-element_type=\"container\" data-e-type=\"container\">\n\t\t\t\t\t<div class=\"e-con-inner\">\n\t\t\t\t<div class=\"elementor-element elementor-element-cc3a112 wd-width-100 elementor-widget elementor-widget-wd_images_gallery\" data-id=\"cc3a112\" data-element_type=\"widget\" data-e-type=\"widget\" data-widget_type=\"wd_images_gallery.default\">\n\t\t\t\t<div class=\"elementor-widget-container\">\n\t\t\t\t\t\t\t<div class=\"wd-images-gallery photoswipe-images\" style=\"--wd-align-items:center; --wd-justify-content:center;\">\n\t\t\t\t\t\t<div class=\"wd-grid-g\" style=\"--wd-col-lg:3;--wd-col-md:3;--wd-col-sm:1;--wd-gap-lg:6px;\" >\n\t\t\t\t\t\t\t\t\t\t\t\t\t\t\t\t\t\t<div class=\"wd-gallery-item wd-col\">\n\t\t\t\t\t\t\t\t\t\t\t\t\t<a  href=\"https:\/\/arvadis.ma\/wp-content\/uploads\/400W-Solar-panel-Rain-d.webp\" data-width=\"2048\" data-height=\"2048\" data-index=\"1\" data-elementor-open-lightbox=\"no\">\n\t\t\t\t\t\t\n\t\t\t\t\t\t<img loading=\"lazy\" decoding=\"async\" width=\"800\" height=\"800\" src=\"https:\/\/arvadis.ma\/wp-content\/uploads\/400W-Solar-panel-Rain-d-800x800.webp\" class=\"attachment-large size-large\" alt=\"400W + Solar panel + Rain d\" srcset=\"https:\/\/arvadis.ma\/wp-content\/uploads\/400W-Solar-panel-Rain-d-800x800.webp 800w, https:\/\/arvadis.ma\/wp-content\/uploads\/400W-Solar-panel-Rain-d-300x300.webp 300w, https:\/\/arvadis.ma\/wp-content\/uploads\/400W-Solar-panel-Rain-d-150x150.webp 150w, https:\/\/arvadis.ma\/wp-content\/uploads\/400W-Solar-panel-Rain-d-768x768.webp 768w, https:\/\/arvadis.ma\/wp-content\/uploads\/400W-Solar-panel-Rain-d-1536x1536.webp 1536w, https:\/\/arvadis.ma\/wp-content\/uploads\/400W-Solar-panel-Rain-d-12x12.webp 12w, https:\/\/arvadis.ma\/wp-content\/uploads\/400W-Solar-panel-Rain-d-430x430.webp 430w, https:\/\/arvadis.ma\/wp-content\/uploads\/400W-Solar-panel-Rain-d-700x700.webp 700w, https:\/\/arvadis.ma\/wp-content\/uploads\/400W-Solar-panel-Rain-d.webp 2048w\" sizes=\"auto, (max-width: 800px) 100vw, 800px\" \/>\n\t\t\t\t\t\t\t\t\t\t\t\t\t<\/a>\n\t\t\t\t\t\t\t\t\t\t\t<\/div>\n\t\t\t\t\t\t\t\t\t\t\t\t\t\t\t<div class=\"wd-gallery-item wd-col\">\n\t\t\t\t\t\t\t\t\t\t\t\t\t<a  href=\"https:\/\/arvadis.ma\/wp-content\/uploads\/400W-Solar-panel-Rain-dt.webp\" data-width=\"2048\" data-height=\"2048\" data-index=\"2\" data-elementor-open-lightbox=\"no\">\n\t\t\t\t\t\t\n\t\t\t\t\t\t<img loading=\"lazy\" decoding=\"async\" width=\"800\" height=\"800\" src=\"https:\/\/arvadis.ma\/wp-content\/uploads\/400W-Solar-panel-Rain-dt-800x800.webp\" class=\"attachment-large size-large\" alt=\"400W + Solar panel + Rain dt\" srcset=\"https:\/\/arvadis.ma\/wp-content\/uploads\/400W-Solar-panel-Rain-dt-800x800.webp 800w, https:\/\/arvadis.ma\/wp-content\/uploads\/400W-Solar-panel-Rain-dt-300x300.webp 300w, https:\/\/arvadis.ma\/wp-content\/uploads\/400W-Solar-panel-Rain-dt-150x150.webp 150w, https:\/\/arvadis.ma\/wp-content\/uploads\/400W-Solar-panel-Rain-dt-768x768.webp 768w, https:\/\/arvadis.ma\/wp-content\/uploads\/400W-Solar-panel-Rain-dt-1536x1536.webp 1536w, https:\/\/arvadis.ma\/wp-content\/uploads\/400W-Solar-panel-Rain-dt-12x12.webp 12w, https:\/\/arvadis.ma\/wp-content\/uploads\/400W-Solar-panel-Rain-dt-430x430.webp 430w, https:\/\/arvadis.ma\/wp-content\/uploads\/400W-Solar-panel-Rain-dt-700x700.webp 700w, https:\/\/arvadis.ma\/wp-content\/uploads\/400W-Solar-panel-Rain-dt.webp 2048w\" sizes=\"auto, (max-width: 800px) 100vw, 800px\" \/>\n\t\t\t\t\t\t\t\t\t\t\t\t\t<\/a>\n\t\t\t\t\t\t\t\t\t\t\t<\/div>\n\t\t\t\t\t\t\t\t\t\t\t\t\t\t\t<div class=\"wd-gallery-item wd-col\">\n\t\t\t\t\t\t\t\t\t\t\t\t\t<a  href=\"https:\/\/arvadis.ma\/wp-content\/uploads\/400W-Solar-panel-Rain-dt9.webp\" data-width=\"2048\" data-height=\"2048\" data-index=\"3\" data-elementor-open-lightbox=\"no\">\n\t\t\t\t\t\t\n\t\t\t\t\t\t<img loading=\"lazy\" decoding=\"async\" width=\"800\" height=\"800\" src=\"https:\/\/arvadis.ma\/wp-content\/uploads\/400W-Solar-panel-Rain-dt9-800x800.webp\" class=\"attachment-large size-large\" alt=\"400W + Solar panel + Rain dt9\" srcset=\"https:\/\/arvadis.ma\/wp-content\/uploads\/400W-Solar-panel-Rain-dt9-800x800.webp 800w, https:\/\/arvadis.ma\/wp-content\/uploads\/400W-Solar-panel-Rain-dt9-300x300.webp 300w, https:\/\/arvadis.ma\/wp-content\/uploads\/400W-Solar-panel-Rain-dt9-150x150.webp 150w, https:\/\/arvadis.ma\/wp-content\/uploads\/400W-Solar-panel-Rain-dt9-768x768.webp 768w, https:\/\/arvadis.ma\/wp-content\/uploads\/400W-Solar-panel-Rain-dt9-1536x1536.webp 1536w, https:\/\/arvadis.ma\/wp-content\/uploads\/400W-Solar-panel-Rain-dt9-12x12.webp 12w, https:\/\/arvadis.ma\/wp-content\/uploads\/400W-Solar-panel-Rain-dt9-430x430.webp 430w, https:\/\/arvadis.ma\/wp-content\/uploads\/400W-Solar-panel-Rain-dt9-700x700.webp 700w, https:\/\/arvadis.ma\/wp-content\/uploads\/400W-Solar-panel-Rain-dt9.webp 2048w\" sizes=\"auto, (max-width: 800px) 100vw, 800px\" \/>\n\t\t\t\t\t\t\t\t\t\t\t\t\t<\/a>\n\t\t\t\t\t\t\t\t\t\t\t<\/div>\n\t\t\t\t\t\t\t\t\t\t\t\t\t<\/div>\n\t\t\t\t\t<\/div>\n\t\t\t\t\t\t<\/div>\n\t\t\t\t<\/div>\n\t\t\t\t<div class=\"elementor-element elementor-element-6a25e0f8 color-scheme-inherit text-left elementor-widget elementor-widget-text-editor\" data-id=\"6a25e0f8\" data-element_type=\"widget\" data-e-type=\"widget\" data-widget_type=\"text-editor.default\">\n\t\t\t\t\t\t\t\t\t<div class=\"flex max-w-full flex-col gap-4 grow\"><div class=\"min-h-8 text-message relative flex w-full flex-col items-end gap-2 text-start break-words whitespace-normal outline-none keyboard-focused:focus-ring [.text-message+&amp;]:mt-1\" dir=\"auto\" tabindex=\"0\" data-message-author-role=\"assistant\" data-message-id=\"fa835cd6-6f07-4af2-8a33-3a73b1c7ac3a\" data-message-model-slug=\"gpt-5-4-thinking\" data-turn-start-message=\"true\"><div class=\"flex w-full flex-col gap-1 empty:hidden\"><div class=\"markdown prose dark:prose-invert w-full wrap-break-word light markdown-new-styling\"><p data-start=\"69\" data-end=\"91\"><strong data-start=\"69\" data-end=\"91\">\u0627\u0644\u0645\u0645\u064a\u0632\u0627\u062a \u0627\u0644\u0631\u0626\u064a\u0633\u064a\u0629:<\/strong><\/p><p data-start=\"93\" data-end=\"405\">\u2714\ufe0f \u0625\u0636\u0627\u0621\u0629 \u0642\u0648\u064a\u0629 \u0648\u0648\u0627\u0636\u062d\u0629 \u0644\u0644\u0627\u0633\u062a\u0639\u0645\u0627\u0644 \u0627\u0644\u062e\u0627\u0631\u062c\u064a<br data-start=\"131\" data-end=\"134\" \/>\u2714\ufe0f \u062a\u0642\u0646\u064a\u0629 <strong data-start=\"143\" data-end=\"150\">LED<\/strong> \u0639\u0627\u0644\u064a\u0629 \u0627\u0644\u0633\u0637\u0648\u0639<br data-start=\"163\" data-end=\"166\" \/>\u2714\ufe0f <strong data-start=\"169\" data-end=\"203\">\u0645\u0635\u0646\u0648\u0639 \u0645\u0646 \u0627\u0644\u0623\u0644\u0645\u0646\u064a\u0648\u0645 \u0628\u062c\u0648\u062f\u0629 \u0639\u0627\u0644\u064a\u0629<\/strong><br data-start=\"203\" data-end=\"206\" \/>\u2714\ufe0f \u0645\u0642\u0627\u0648\u0645 \u0644\u0644\u0645\u0627\u0621 \u0648\u0627\u0644\u063a\u0628\u0627\u0631 <strong data-start=\"229\" data-end=\"237\">IP66<\/strong><br data-start=\"237\" data-end=\"240\" \/>\u2714\ufe0f \u0644\u0648\u062d \u0634\u0645\u0633\u064a \u0645\u0631\u0641\u0642<br data-start=\"256\" data-end=\"259\" \/>\u2714\ufe0f \u0634\u062d\u0646 \u0628\u0627\u0644\u0637\u0627\u0642\u0629 \u0627\u0644\u0634\u0645\u0633\u064a\u0629 100%<br data-start=\"286\" data-end=\"289\" \/>\u2714\ufe0f \u062a\u0631\u0643\u064a\u0628 \u0633\u0647\u0644 \u0648\u0633\u0631\u064a\u0639<br data-start=\"307\" data-end=\"310\" \/>\u2714\ufe0f \u0645\u0646\u0627\u0633\u0628 \u0644\u0644\u0645\u062f\u062e\u0644\u060c \u0627\u0644\u0633\u0637\u062d\u060c \u0627\u0644\u062d\u062f\u064a\u0642\u0629\u060c \u0627\u0644\u0643\u0631\u0627\u062c \u0648\u0627\u0644\u0636\u064a\u0639\u0629<br data-start=\"357\" data-end=\"360\" \/>\u2714\ufe0f \u062a\u0635\u0645\u064a\u0645 \u0642\u0648\u064a \u0648\u0639\u0635\u0631\u064a<br data-start=\"378\" data-end=\"381\" \/>\u2714\ufe0f <strong data-start=\"384\" data-end=\"405\">\u0636\u0645\u0627\u0646 \u0644\u0645\u062f\u0629 3 \u0633\u0646\u0648\u0627\u062a<\/strong><\/p><p data-start=\"407\" data-end=\"440\"><strong data-start=\"407\" data-end=\"440\">\u0648\u0627\u0644\u0635\u064a\u0627\u063a\u0629 \u0627\u0644\u0625\u0634\u0647\u0627\u0631\u064a\u0629 \u0627\u0644\u0623\u0642\u0648\u0649 \u0647\u064a:<\/strong><\/p><p data-start=\"442\" data-end=\"518\"><strong data-start=\"442\" data-end=\"518\">\u0627\u0644\u0628\u0631\u0648\u062c\u0643\u062a\u0648\u0631 \u0627\u0644\u0634\u0645\u0633\u064a \u0645\u0646 ARVADIS \u0645\u0635\u0646\u0648\u0639 \u0645\u0646 \u0627\u0644\u0623\u0644\u0645\u0646\u064a\u0648\u0645\u060c \u0642\u0648\u064a\u060c \u0639\u0645\u0644\u064a\u060c \u0648\u0645\u0635\u0645\u0645 \u0644\u064a\u062f\u0648\u0645.<\/strong><\/p><p data-start=\"520\" data-end=\"546\">\u0647\u0627\u062f\u064a \u0646\u0633\u062e\u0629 \u0623\u062e\u0631\u0649 \u0623\u0643\u062b\u0631 \u0641\u062e\u0627\u0645\u0629:<\/p><p data-start=\"548\" data-end=\"640\" data-is-last-node=\"\" data-is-only-node=\"\"><strong data-start=\"548\" data-end=\"640\" data-is-last-node=\"\">\u0628\u0631\u0648\u062c\u0643\u062a\u0648\u0631 \u0634\u0645\u0633\u064a \u0645\u0646 ARVADIS \u0628\u062c\u0648\u062f\u0629 \u0639\u0627\u0644\u064a\u0629\u060c \u0647\u064a\u0643\u0644 \u0645\u0646 \u0627\u0644\u0623\u0644\u0645\u0646\u064a\u0648\u0645\u060c \u0625\u0636\u0627\u0621\u0629 \u0642\u0648\u064a\u0629\u060c \u0648\u0645\u062a\u0627\u0646\u0629 \u062a\u062f\u0648\u0645 \u0637\u0648\u064a\u0644\u0627\u064b.<\/strong><\/p><\/div><\/div><\/div><\/div><div class=\"z-0 flex min-h-[46px] justify-start\">\u00a0<\/div><div class=\"mt-3 w-full empty:hidden\"><div class=\"text-center\"><div class=\"mx-auto\"><div><div class=\"inline-flex rounded-xl border border-gray-100 dark:border-gray-700\"><div class=\"me-12 flex items-center px-4 py-3 text-start\"><div class=\"ms-4\"><div class=\"text-token-main-surface-primary-inverse text-sm font-semibold\">\u00a0<\/div><\/div><\/div><\/div><\/div><\/div><\/div><\/div>\t\t\t\t\t\t\t\t<\/div>\n\t\t\t\t\t<\/div>\n\t\t\t\t<\/div>\n\t\t\t\t<\/div>\n\t\t","protected":false},"excerpt":{"rendered":"<p>Projecteur solaire LED ARVADIS 300W haute puissance, id\u00e9al pour ext\u00e9rieur. \u00c9tanche IP66, \u00e9conomique et \u00e9cologique, livr\u00e9 avec panneau solaire haute performance pour un \u00e9clairage puissant et autonome.<\/p>","protected":false},"featured_media":5351,"comment_status":"open","ping_status":"closed","template":"","meta":[],"product_brand":[285],"product_cat":[311],"product_tag":[],"class_list":{"0":"post-5315","1":"product","2":"type-product","3":"status-publish","4":"has-post-thumbnail","6":"product_brand-arvadis","7":"product_cat-eclairages-exterieurs","9":"first","10":"instock","11":"sale","12":"shipping-taxable","13":"purchasable","14":"product-type-variable"},"_links":{"self":[{"href":"https:\/\/arvadis.ma\/ar\/wp-json\/wp\/v2\/product\/5315","targetHints":{"allow":["GET"]}}],"collection":[{"href":"https:\/\/arvadis.ma\/ar\/wp-json\/wp\/v2\/product"}],"about":[{"href":"https:\/\/arvadis.ma\/ar\/wp-json\/wp\/v2\/types\/product"}],"replies":[{"embeddable":true,"href":"https:\/\/arvadis.ma\/ar\/wp-json\/wp\/v2\/comments?post=5315"}],"version-history":[{"count":24,"href":"https:\/\/arvadis.ma\/ar\/wp-json\/wp\/v2\/product\/5315\/revisions"}],"predecessor-version":[{"id":5557,"href":"https:\/\/arvadis.ma\/ar\/wp-json\/wp\/v2\/product\/5315\/revisions\/5557"}],"wp:featuredmedia":[{"embeddable":true,"href":"https:\/\/arvadis.ma\/ar\/wp-json\/wp\/v2\/media\/5351"}],"wp:attachment":[{"href":"https:\/\/arvadis.ma\/ar\/wp-json\/wp\/v2\/media?parent=5315"}],"wp:term":[{"taxonomy":"product_brand","embeddable":true,"href":"https:\/\/arvadis.ma\/ar\/wp-json\/wp\/v2\/product_brand?post=5315"},{"taxonomy":"product_cat","embeddable":true,"href":"https:\/\/arvadis.ma\/ar\/wp-json\/wp\/v2\/product_cat?post=5315"},{"taxonomy":"product_tag","embeddable":true,"href":"https:\/\/arvadis.ma\/ar\/wp-json\/wp\/v2\/product_tag?post=5315"}],"curies":[{"name":"wp","href":"https:\/\/api.w.org\/{rel}","templated":true}]}}