{"id":3845,"date":"2025-11-15T12:12:00","date_gmt":"2025-11-15T11:12:00","guid":{"rendered":"https:\/\/arvadis.ma\/?post_type=product&#038;p=3845"},"modified":"2025-11-30T23:09:21","modified_gmt":"2025-11-30T22:09:21","slug":"flamax-pro","status":"publish","type":"product","link":"https:\/\/arvadis.ma\/ar\/product\/flamax-pro\/","title":{"rendered":"\u0641\u0644\u0627\u0645\u0627\u0643\u0633 \u0628\u0631\u0648"},"content":{"rendered":"<p>\u2022 Batterie lithium de haute qualit\u00e9, \u00e9quip\u00e9e d\u2019une batterie lithium d\u2019une capacit\u00e9 de 6800 mAh, garantissant une \u00e9nergie fiable et durable.<br \/>\n\u2022 Longue dur\u00e9e de vie gr\u00e2ce \u00e0 la technologie lithium : vous pouvez profiter d\u2019un cycle de charge pouvant atteindre 6 \u00e0 8 ans selon l\u2019usage.<br \/>\n\u2022 Une alternative id\u00e9ale aux anciennes batteries : l\u2019appareil Flamax Pro se recharge facilement, assure une excellente performance et une grande efficacit\u00e9.<br \/>\n\u2022 Recharge facile : vous pouvez recharger le dispositif Flamax Pro simplement gr\u00e2ce au c\u00e2ble Type-C fourni avec l\u2019appareil.<br \/>\n\u2022 Qualit\u00e9 sup\u00e9rieure : Flamax Pro est fabriqu\u00e9 avec des mat\u00e9riaux haut de gamme garantissant une excellente performance et une grande fiabilit\u00e9 de la batterie, avec une \u00e9nergie durable et une efficacit\u00e9 \u00e9lev\u00e9e.<br \/>\n\u2022 Garantie 1 an : Flamax Pro vous offre une garantie d\u2019un an. En cas de probl\u00e8me avec la batterie pendant cette p\u00e9riode, vous pouvez l\u2019\u00e9changer ou r\u00e9cup\u00e9rer votre argent sans souci.<\/p>","protected":false},"excerpt":{"rendered":"<p>\u2022 Batterie lithium de haute qualit\u00e9, \u00e9quip\u00e9e d\u2019une batterie lithium d\u2019une capacit\u00e9 de 6800 mAh, garantissant une \u00e9nergie fiable et<\/p>","protected":false},"featured_media":3872,"comment_status":"open","ping_status":"closed","template":"","meta":[],"product_brand":[],"product_cat":[318,313],"product_tag":[],"class_list":{"0":"post-3845","1":"product","2":"type-product","3":"status-publish","4":"has-post-thumbnail","6":"product_cat-offres-promotionnelles","7":"product_cat-piles-rechargeables","9":"first","10":"instock","11":"sale","12":"shipping-taxable","13":"purchasable","14":"product-type-simple"},"_links":{"self":[{"href":"https:\/\/arvadis.ma\/ar\/wp-json\/wp\/v2\/product\/3845","targetHints":{"allow":["GET"]}}],"collection":[{"href":"https:\/\/arvadis.ma\/ar\/wp-json\/wp\/v2\/product"}],"about":[{"href":"https:\/\/arvadis.ma\/ar\/wp-json\/wp\/v2\/types\/product"}],"replies":[{"embeddable":true,"href":"https:\/\/arvadis.ma\/ar\/wp-json\/wp\/v2\/comments?post=3845"}],"version-history":[{"count":0,"href":"https:\/\/arvadis.ma\/ar\/wp-json\/wp\/v2\/product\/3845\/revisions"}],"wp:featuredmedia":[{"embeddable":true,"href":"https:\/\/arvadis.ma\/ar\/wp-json\/wp\/v2\/media\/3872"}],"wp:attachment":[{"href":"https:\/\/arvadis.ma\/ar\/wp-json\/wp\/v2\/media?parent=3845"}],"wp:term":[{"taxonomy":"product_brand","embeddable":true,"href":"https:\/\/arvadis.ma\/ar\/wp-json\/wp\/v2\/product_brand?post=3845"},{"taxonomy":"product_cat","embeddable":true,"href":"https:\/\/arvadis.ma\/ar\/wp-json\/wp\/v2\/product_cat?post=3845"},{"taxonomy":"product_tag","embeddable":true,"href":"https:\/\/arvadis.ma\/ar\/wp-json\/wp\/v2\/product_tag?post=3845"}],"curies":[{"name":"wp","href":"https:\/\/api.w.org\/{rel}","templated":true}]}}