{"id":2484,"date":"2025-08-18T14:47:26","date_gmt":"2025-08-18T14:47:26","guid":{"rendered":"https:\/\/dummy.xtemos.com\/woodmart2\/pets-elementor\/product\/prevue-pet-products-imperial-stainless-bird-cage\/"},"modified":"2025-11-02T23:28:25","modified_gmt":"2025-11-02T22:28:25","slug":"trottinette-electrique-eclipse-maroc","status":"publish","type":"product","link":"https:\/\/arvadis.ma\/ar\/product\/trottinette-electrique-eclipse-maroc\/","title":{"rendered":"\u0633\u0643\u0648\u062a\u0631 \u0643\u0647\u0631\u0628\u0627\u0626\u064a \u0625\u0643\u0644\u064a\u0628\u0633 \u0627\u0644\u0645\u063a\u0631\u0628"},"content":{"rendered":"<h2>Trottinette \u00e9lectrique pour enfants Eclipse<\/h2>\n<div class=\"col\"><img loading=\"lazy\" decoding=\"async\" class=\"feature-icon\" src=\"https:\/\/assets.segway-cdn.com\/Icons\/girl.svg?mtime=20200827022027&amp;focal=none\" alt=\"\" width=\"26\" height=\"26\" \/>\u00a0 \u00a0 \u00a0\u00a0<span class=\"feature-label\">\u00a0de 6 \u00e0 12 ans\u00a0<\/span><\/div>\n<div class=\"col\"><img loading=\"lazy\" decoding=\"async\" class=\"feature-icon\" src=\"https:\/\/assets.segway-cdn.com\/Icons\/icon-speedometer.svg?mtime=20200513065636&amp;focal=none\" alt=\"\" width=\"36\" height=\"20\" \/>\u00a0 \u00a0\u00a0<span class=\"feature-label\">Jusqu\u2019\u00e0 14 km\/h Vitesse maximale\u00a0<\/span><\/div>\n<div class=\"col\"><img loading=\"lazy\" decoding=\"async\" class=\"feature-icon\" src=\"https:\/\/assets.segway-cdn.com\/Icons\/icon-location.svg?mtime=20200414000121&amp;focal=none\" alt=\"\" width=\"22\" height=\"24\" \/>.\u00a0 \u00a0 \u00a0 Batterie 24V 2.5Ah.\u00a0<span class=\"feature-label\">Jusqu\u2019\u00e0 10 km de port\u00e9e, environ 45 min<\/span><\/div>\n<div class=\"col\"><img loading=\"lazy\" decoding=\"async\" class=\"feature-icon\" src=\"https:\/\/assets.segway-cdn.com\/Icons\/icon-fast-charge.svg?mtime=20200420043759&amp;focal=none\" alt=\"\" width=\"31\" height=\"28\" \/>\u00a0 \u00a0 \u00a0<span class=\"feature-label\">Temps de charge rapide jusqu\u2019\u00e0 2 \u00e0 3 heures<\/span><\/div>\n<div class=\"col\"><img loading=\"lazy\" decoding=\"async\" class=\"feature-icon\" src=\"https:\/\/assets.segway-cdn.com\/Icons\/Riding-modes.svg?mtime=20200827022505&amp;focal=none\" alt=\"\" width=\"26\" height=\"26\" \/>\u00a0 \u00a0 \u00a0\u00a0<span class=\"feature-label\">Poids maximum support\u00e9 : 70 Kg<\/span><\/div>\n<p>&nbsp;<\/p>\n<p>La trottinette \u00e9lectrique pour enfants Eclipse est une trottinette id\u00e9ale pour les plus petits car elle int\u00e8gre un moteur de faible puissance pour une utilisation en toute s\u00e9curit\u00e9.<\/p>\n<p>Cette trottinette est encore plus innovante puisqu\u2019elle s\u2019apparente \u00e0 une trottinette \u00e9lectrique adulte mais avec la seule diff\u00e9rence \u00e9tant la puissance. La trottinette \u00e9lectrique Eclipse deviendra le jouet parfait pour les enfants lors de leurs sorties.<\/p>\n<h2>Puissance du trottinette \u00e9lectrique pour enfants<\/h2>\n<p>La puissance du trottinette est suffisamment \u00e9quilibr\u00e9e puisqu\u2019il int\u00e8gre un moteur de 150W et une batterie 24V \u2013 2,5Ah.De cette mani\u00e8re, une vitesse allant jusqu\u2019\u00e0 15 km\/h. C\u2019est le pouvoir parfait pour assurer la s\u00e9curit\u00e9 et le confort des enfants.<\/p>\n<p>De plus, la trottinette est suffisamment l\u00e9ger pour \u00eatre transport\u00e9 n\u2019importe o\u00f9 et rang\u00e9 dans n\u2019importe quel coin de la maison.<\/p>\n<p>Ses roues sont fermes et petites, ce qui le rend id\u00e9al pour tout enfant pour le conduire et le transporter. Le plus important est le syst\u00e8me de freinage arri\u00e8re, car il offrira une s\u00e9curit\u00e9 maximale au b\u00e9b\u00e9 \u00e0 tout moment et surtout lors de son utilisation dans la rue.<\/p>\n<p>Bref, c\u2019est une trottinette \u00e9lectrique l\u00e9g\u00e8re, pratique, simple et ludique, facile \u00e0 utiliser et dot\u00e9e d\u2019un frein arri\u00e8re.<\/p>","protected":false},"excerpt":{"rendered":"<p>Trottinette \u00e9lectrique pour enfants Eclipse \u00a0 \u00a0 \u00a0\u00a0\u00a0de 6 \u00e0 12 ans\u00a0 \u00a0 \u00a0\u00a0Jusqu\u2019\u00e0 14 km\/h Vitesse maximale\u00a0 .\u00a0 \u00a0<\/p>","protected":false},"featured_media":3500,"comment_status":"open","ping_status":"closed","template":"","meta":[],"product_brand":[],"product_cat":[312],"product_tag":[],"class_list":{"0":"post-2484","1":"product","2":"type-product","3":"status-publish","4":"has-post-thumbnail","6":"product_cat-trottinettes-electriques","8":"first","9":"instock","10":"shipping-taxable","11":"purchasable","12":"product-type-simple"},"_links":{"self":[{"href":"https:\/\/arvadis.ma\/ar\/wp-json\/wp\/v2\/product\/2484","targetHints":{"allow":["GET"]}}],"collection":[{"href":"https:\/\/arvadis.ma\/ar\/wp-json\/wp\/v2\/product"}],"about":[{"href":"https:\/\/arvadis.ma\/ar\/wp-json\/wp\/v2\/types\/product"}],"replies":[{"embeddable":true,"href":"https:\/\/arvadis.ma\/ar\/wp-json\/wp\/v2\/comments?post=2484"}],"version-history":[{"count":0,"href":"https:\/\/arvadis.ma\/ar\/wp-json\/wp\/v2\/product\/2484\/revisions"}],"wp:featuredmedia":[{"embeddable":true,"href":"https:\/\/arvadis.ma\/ar\/wp-json\/wp\/v2\/media\/3500"}],"wp:attachment":[{"href":"https:\/\/arvadis.ma\/ar\/wp-json\/wp\/v2\/media?parent=2484"}],"wp:term":[{"taxonomy":"product_brand","embeddable":true,"href":"https:\/\/arvadis.ma\/ar\/wp-json\/wp\/v2\/product_brand?post=2484"},{"taxonomy":"product_cat","embeddable":true,"href":"https:\/\/arvadis.ma\/ar\/wp-json\/wp\/v2\/product_cat?post=2484"},{"taxonomy":"product_tag","embeddable":true,"href":"https:\/\/arvadis.ma\/ar\/wp-json\/wp\/v2\/product_tag?post=2484"}],"curies":[{"name":"wp","href":"https:\/\/api.w.org\/{rel}","templated":true}]}}