{"id":2479,"date":"2025-08-18T14:47:26","date_gmt":"2025-08-18T14:47:26","guid":{"rendered":"https:\/\/dummy.xtemos.com\/woodmart2\/pets-elementor\/product\/higgins-intune-natural-parrot-food\/"},"modified":"2025-11-02T23:28:14","modified_gmt":"2025-11-02T22:28:14","slug":"xiaomi-4-lite-2nd-gen-maroc","status":"publish","type":"product","link":"https:\/\/arvadis.ma\/ar\/product\/xiaomi-4-lite-2nd-gen-maroc\/","title":{"rendered":"XIAOMI 4 Lite 2nd Gen Maroc"},"content":{"rendered":"<figure class=\"hero\"><figcaption class=\"white center narrow\">\n<p class=\"div36\"><strong><span class=\"xm-text split_text9127 f-bold\" data-key=\"overview_1\" data-type=\"text\" data-id=\"cmjhnh14sp\">Look \u00e9l\u00e9gant : performances optimales<\/span><\/strong><\/p>\n<div class=\"div37\"><span class=\"xm-text split_text9126 f-regular\" data-key=\"overview_2\" data-type=\"text\" data-id=\"8u85w8mgyj\">Passer \u00e0 la vitesse sup\u00e9rieure\u00a0! Le design \u00e9pur\u00e9 et soign\u00e9 associ\u00e9 \u00e0 un cadre en acier et au carbone haute r\u00e9sistance permet de supporter une charge maximale de 100\u00a0kg, pour une exp\u00e9rience de d\u00e9placement sans contrainte.<\/span><\/div>\n<\/figcaption><\/figure>\n<section class=\"product-features dark\">\n<div class=\"limiter\">\n<article>\n<div class=\"grid row-4 feature-grid\">\n<div class=\"col\"><img loading=\"lazy\" decoding=\"async\" class=\"feature-icon\" src=\"https:\/\/assets.segway-cdn.com\/Icons\/icon-speedometer.svg?mtime=20200513065636&amp;focal=none\" alt=\"\" width=\"32\" height=\"18\" \/>\u00a0 \u00a0<span class=\"feature-label\">Jusqu\u2019\u00e0 une vitesse maximale de 25 km\/h<\/span><\/div>\n<div class=\"col\"><img loading=\"lazy\" decoding=\"async\" class=\"feature-icon\" src=\"https:\/\/assets.segway-cdn.com\/Icons\/icon-location.svg?mtime=20200414000121&amp;focal=none\" alt=\"\" width=\"28\" height=\"31\" \/>\u00a0 \u00a0\u00a0<span class=\"feature-label\">Autonomie de 25 km\u00a0<\/span><\/div>\n<div class=\"col\"><img loading=\"lazy\" decoding=\"async\" class=\"feature-icon\" src=\"https:\/\/assets.segway-cdn.com\/Icons\/icon-light.svg?mtime=20200414000131&amp;focal=none\" alt=\"\" width=\"31\" height=\"25\" \/>\u00a0 \u00a0<span class=\"feature-label\">Feux avant et arri\u00e8re \u00e0 LED<\/span><\/div>\n<div class=\"col\"><img loading=\"lazy\" decoding=\"async\" class=\"feature-icon\" src=\"https:\/\/assets.segway-cdn.com\/Icons\/icon-wheel.svg?mtime=20200513065636&amp;focal=none\" alt=\"\" width=\"27\" height=\"27\" \/>\u00a0 \u00a0\u00a0<span class=\"feature-label\">Pneus 10 pouces pour une meilleure absorption des chocs<\/span><\/div>\n<div class=\"col\">\n<p><img loading=\"lazy\" decoding=\"async\" class=\"feature-icon\" src=\"https:\/\/assets.segway-cdn.com\/Icons\/icon-wheel-brakes.svg?mtime=20200513065636&amp;focal=none\" alt=\"\" width=\"30\" height=\"30\" \/>\u00a0Syst\u00e8me de freinage double pour garantir l\u2019efficacit\u00e9 et la fiabilit\u00e9<\/p>\n<div class=\"div126\"><span class=\"xm-text split_text9096 f-regular\" data-key=\"overview_32\" data-type=\"text\" data-id=\"2s5xddgr5a\">Le frein \u00e0 tambour et l\u2019E-ABS arri\u00e8re assurent un freinage efficace et r\u00e9duisent la distance de freinage, garantissant ainsi une conduite s\u00fbre et stable.<\/span><\/div>\n<\/div>\n<div class=\"col\"><img loading=\"lazy\" decoding=\"async\" class=\"feature-icon\" src=\"https:\/\/assets.segway-cdn.com\/Icons\/icon-uphill.svg?mtime=20200513065636&amp;focal=none\" alt=\"\" width=\"26\" height=\"17\" \/>\u00a0 Avec une puissance maximale de 500 W, la trottinette acc\u00e9l\u00e8re plus facilement, lui permettant ainsi d\u2019atteindre une inclinaison maximale de 15 % !<\/div>\n<div>\n<article class=\"simple-image full-width\">\n<figure><figcaption class=\"white center narrow\"><strong>Plus rapide et plus puissante<br \/>\n<\/strong>La mise \u00e0 niveau de la trottinette, d\u2019une puissance de 300 W, se traduit par une plus grande dynamique de conduite gr\u00e2ce \u00e0 une acc\u00e9l\u00e9ration plus rapide, jusqu\u2019\u00e0 25 km\/h de vitesse maximale, et une capacit\u00e9 de mont\u00e9e plus importante de 15 %.Deux freins ind\u00e9pendants\u00a0<strong><br \/>\n<\/strong><\/figcaption><\/figure>\n<\/article>\n<article class=\"simple-image full-width\">\n<figure><figcaption class=\"white center narrow\"><strong>3 modes de d\u00e9placement<br \/>\n<\/strong>Double Pression pour aller plus vite ou plus loin\u00a0<strong>Mode \u00e9co, plus longue dur\u00e9e de vie de la batterie<\/strong><br \/>\n15 km\/h avec une autonomie maximale \u00e9tendue. Mode normal, exp\u00e9rience am\u00e9lior\u00e9e.<strong><br \/>\nMode sport, plus rapide et plus tonique<\/strong><br \/>\nD\u00e9marrage en douceur et supporte l\u2019inclinaison avec facilit\u00e9 (jusqu\u2019\u00e0 15%). Avec une batterie externe (vendue s\u00e9par\u00e9ment), il peut m\u00eame atteindre une vitesse d\u2019environ 25 km\/h.<\/figcaption><\/figure>\n<\/article>\n<article class=\"simple-image full-width\"><\/article>\n<article class=\"simple-image full-width\">\n<figure><strong>Feux avant, arri\u00e8re et de freinage\u00a0<\/strong><\/figure>\n<\/article>\n<section class=\"image-text-collection\">\n<div class=\"limiter\">\n<article>\n<figure>Bas\u00e9 sur la ligne de d\u00e9marcation claire\/obscure, tous les feux avant (2,5W \u00e0 haute puissance), arri\u00e8re et de freinage fourniront une s\u00e9curit\u00e9 suppl\u00e9mentaire lorsque les v\u00e9hicules se croiseront.<\/figure>\n<\/article>\n<\/div>\n<\/section>\n<section class=\"grid row-2 purchase-product\">\n<div class=\"limiter\">\n<figure><figcaption>\n<div class=\"div107\"><span class=\"xm-text split_text9103 f-bold\" data-key=\"overview_25\" data-type=\"text\" data-id=\"o3zn0f813h\">Phare \u00e0 luminosit\u00e9 \u00e9lev\u00e9e :\u00a0<\/span><span class=\"xm-text split_text9102 f-regular\" data-key=\"overview_26\" data-type=\"text\" data-id=\"d0osvgj7yl\">Une port\u00e9e d\u2019\u00e9clairage de 2 \u00e0 8 m\u00e8tres, pour une vue d\u00e9gag\u00e9e et une s\u00e9curit\u00e9 optimale pendant les trajets nocturnes.<\/span><\/div>\n<div>\n<div class=\"div113\"><span class=\"xm-text split_text9101 f-bold\" data-key=\"overview_27\" data-type=\"text\" data-id=\"6fapjgnbph\">Feu arri\u00e8re bien visible :\u00a0<\/span><span class=\"xm-text split_text9100 f-regular\" data-key=\"overview_28\" data-type=\"text\" data-id=\"5ikzgh8vf5\">Signaux clignotants pour alerter les pi\u00e9tons et les v\u00e9hicules qui se trouvent derri\u00e8re, am\u00e9liorant ainsi la s\u00e9curit\u00e9 de conduite.<\/span><\/div>\n<\/div>\n<\/figcaption><\/figure>\n<\/div>\n<\/section>\n<\/div>\n<\/div>\n<\/article>\n<\/div>\n<\/section>","protected":false},"excerpt":{"rendered":"<p>Look \u00e9l\u00e9gant : performances optimales Passer \u00e0 la vitesse sup\u00e9rieure\u00a0! Le design \u00e9pur\u00e9 et soign\u00e9 associ\u00e9 \u00e0 un cadre en<\/p>","protected":false},"featured_media":3503,"comment_status":"open","ping_status":"closed","template":"","meta":[],"product_brand":[],"product_cat":[312],"product_tag":[],"class_list":{"0":"post-2479","1":"product","2":"type-product","3":"status-publish","4":"has-post-thumbnail","6":"product_cat-trottinettes-electriques","8":"first","9":"instock","10":"shipping-taxable","11":"purchasable","12":"product-type-simple"},"_links":{"self":[{"href":"https:\/\/arvadis.ma\/ar\/wp-json\/wp\/v2\/product\/2479","targetHints":{"allow":["GET"]}}],"collection":[{"href":"https:\/\/arvadis.ma\/ar\/wp-json\/wp\/v2\/product"}],"about":[{"href":"https:\/\/arvadis.ma\/ar\/wp-json\/wp\/v2\/types\/product"}],"replies":[{"embeddable":true,"href":"https:\/\/arvadis.ma\/ar\/wp-json\/wp\/v2\/comments?post=2479"}],"version-history":[{"count":0,"href":"https:\/\/arvadis.ma\/ar\/wp-json\/wp\/v2\/product\/2479\/revisions"}],"wp:featuredmedia":[{"embeddable":true,"href":"https:\/\/arvadis.ma\/ar\/wp-json\/wp\/v2\/media\/3503"}],"wp:attachment":[{"href":"https:\/\/arvadis.ma\/ar\/wp-json\/wp\/v2\/media?parent=2479"}],"wp:term":[{"taxonomy":"product_brand","embeddable":true,"href":"https:\/\/arvadis.ma\/ar\/wp-json\/wp\/v2\/product_brand?post=2479"},{"taxonomy":"product_cat","embeddable":true,"href":"https:\/\/arvadis.ma\/ar\/wp-json\/wp\/v2\/product_cat?post=2479"},{"taxonomy":"product_tag","embeddable":true,"href":"https:\/\/arvadis.ma\/ar\/wp-json\/wp\/v2\/product_tag?post=2479"}],"curies":[{"name":"wp","href":"https:\/\/api.w.org\/{rel}","templated":true}]}}