{"id":2474,"date":"2025-08-18T14:47:26","date_gmt":"2025-08-18T14:47:26","guid":{"rendered":"https:\/\/dummy.xtemos.com\/woodmart2\/pets-elementor\/product\/bird-pro-fortified-parrot-domestic-bird-food\/"},"modified":"2025-11-02T23:28:05","modified_gmt":"2025-11-02T22:28:05","slug":"ecoxtrem-linear-vert-fluo","status":"publish","type":"product","link":"https:\/\/arvadis.ma\/ar\/product\/ecoxtrem-linear-vert-fluo\/","title":{"rendered":"\u0625\u064a\u0643\u0648\u0643\u0633\u062a\u0631\u064a\u0645 \u062e\u0637\u064a \u0623\u062e\u0636\u0631 \u0641\u0644\u0648\u0631\u064a"},"content":{"rendered":"<p data-start=\"14\" data-end=\"514\">La\u00a0<strong data-start=\"17\" data-end=\"46\">\u0625\u064a\u0643\u0648\u0643\u0633\u062a\u0631\u064a\u0645 \u062e\u0637\u064a \u0623\u062e\u0636\u0631 \u0641\u0644\u0648\u0631\u064a<\/strong>\u00a0est une trottinette urbaine compacte et r\u00e9active \u2014 pens\u00e9e pour ceux qui veulent gagner du temps tout en se faisant plaisir. Puissante et stable gr\u00e2ce \u00e0 son moteur 500W, elle offre une conduite fluide et s\u00fbre (freinage \u00e0 disque) pour vos trajets quotidiens. Son design vert fluo attire le regard et confirme son esprit dynamique : \u00e9conomique, pratique et pr\u00eate \u00e0 affronter la ville.<\/p>\n<h5>Caract\u00e9ristiques<\/h5>\n<ul data-start=\"535\" data-end=\"906\">\n<li data-start=\"535\" data-end=\"589\">\n<p data-start=\"537\" data-end=\"589\"><strong data-start=\"537\" data-end=\"548\">Vitesse<\/strong>\u00a0: 25 km\/h (d\u00e9bridable jusqu\u2019\u00e0 35 km\/h)<\/p>\n<\/li>\n<li data-start=\"590\" data-end=\"641\">\n<p data-start=\"592\" data-end=\"641\"><strong data-start=\"592\" data-end=\"605\">Autonomie<\/strong>\u00a0: Jusqu\u2019\u00e0\u00a0<strong data-start=\"616\" data-end=\"628\">20\u201325 km<\/strong>\u00a0par charge<\/p>\n<\/li>\n<li data-start=\"642\" data-end=\"684\">\n<p data-start=\"644\" data-end=\"684\"><strong data-start=\"644\" data-end=\"664\">Puissance moteur<\/strong>\u00a0:\u00a0<strong data-start=\"667\" data-end=\"682\">500 W (max)<\/strong><\/p>\n<\/li>\n<li data-start=\"685\" data-end=\"714\">\n<p data-start=\"687\" data-end=\"714\"><strong data-start=\"687\" data-end=\"696\">Pneus<\/strong>\u00a0:\u00a0<strong data-start=\"699\" data-end=\"712\">10 pouces<\/strong><\/p>\n<\/li>\n<li data-start=\"715\" data-end=\"751\">\n<p data-start=\"717\" data-end=\"751\"><strong data-start=\"717\" data-end=\"736\">Charge maximale<\/strong>\u00a0:\u00a0<strong data-start=\"739\" data-end=\"749\">120 kg<\/strong><\/p>\n<\/li>\n<li data-start=\"752\" data-end=\"796\">\n<p data-start=\"754\" data-end=\"796\"><strong data-start=\"754\" data-end=\"777\">Syst\u00e8me de freinage<\/strong>\u00a0: Frein \u00e0 disque<\/p>\n<\/li>\n<li data-start=\"797\" data-end=\"847\">\n<p data-start=\"799\" data-end=\"847\"><strong data-start=\"799\" data-end=\"816\">Signalisation<\/strong>\u00a0: Clignotants gauche \/ droit<\/p>\n<\/li>\n<li data-start=\"848\" data-end=\"906\">\n<p data-start=\"850\" data-end=\"906\"><strong data-start=\"850\" data-end=\"870\">Couleur \/ design<\/strong>\u00a0: Vert fluo, look urbain et visible<\/p>\n<\/li>\n<\/ul>","protected":false},"excerpt":{"rendered":"<p>La\u00a0Ecoxtrem Linear Vert Fluo\u00a0est une trottinette urbaine compacte et r\u00e9active \u2014 pens\u00e9e pour ceux qui veulent gagner du temps tout<\/p>","protected":false},"featured_media":3506,"comment_status":"open","ping_status":"closed","template":"","meta":[],"product_brand":[],"product_cat":[312],"product_tag":[],"class_list":{"0":"post-2474","1":"product","2":"type-product","3":"status-publish","4":"has-post-thumbnail","6":"product_cat-trottinettes-electriques","8":"first","9":"instock","10":"shipping-taxable","11":"purchasable","12":"product-type-simple"},"_links":{"self":[{"href":"https:\/\/arvadis.ma\/ar\/wp-json\/wp\/v2\/product\/2474","targetHints":{"allow":["GET"]}}],"collection":[{"href":"https:\/\/arvadis.ma\/ar\/wp-json\/wp\/v2\/product"}],"about":[{"href":"https:\/\/arvadis.ma\/ar\/wp-json\/wp\/v2\/types\/product"}],"replies":[{"embeddable":true,"href":"https:\/\/arvadis.ma\/ar\/wp-json\/wp\/v2\/comments?post=2474"}],"version-history":[{"count":0,"href":"https:\/\/arvadis.ma\/ar\/wp-json\/wp\/v2\/product\/2474\/revisions"}],"wp:featuredmedia":[{"embeddable":true,"href":"https:\/\/arvadis.ma\/ar\/wp-json\/wp\/v2\/media\/3506"}],"wp:attachment":[{"href":"https:\/\/arvadis.ma\/ar\/wp-json\/wp\/v2\/media?parent=2474"}],"wp:term":[{"taxonomy":"product_brand","embeddable":true,"href":"https:\/\/arvadis.ma\/ar\/wp-json\/wp\/v2\/product_brand?post=2474"},{"taxonomy":"product_cat","embeddable":true,"href":"https:\/\/arvadis.ma\/ar\/wp-json\/wp\/v2\/product_cat?post=2474"},{"taxonomy":"product_tag","embeddable":true,"href":"https:\/\/arvadis.ma\/ar\/wp-json\/wp\/v2\/product_tag?post=2474"}],"curies":[{"name":"wp","href":"https:\/\/api.w.org\/{rel}","templated":true}]}}